{"id":103,"date":"2018-11-28T13:19:49","date_gmt":"2018-11-28T13:19:49","guid":{"rendered":"http:\/\/www.test.vtt.lv\/wp_001\/?page_id=103"},"modified":"2019-03-01T16:05:07","modified_gmt":"2019-03-01T16:05:07","slug":"%d0%b2%d0%be%d0%b9%d0%b4%d0%b8%d1%82%d0%b5-%d0%b2-%d1%85%d1%80%d0%b0%d0%bc-%d0%b1%d0%be%d0%b6%d0%b8%d0%b9-%d1%81-%d0%b2%d0%b5%d1%80%d0%be%d1%8e-%d0%b1%d0%bb%d0%b0%d0%b3%d0%be%d0%b3%d0%be%d0%b2%d0%b5","status":"publish","type":"page","link":"https:\/\/www.morskoj-sobor.lv\/lv\/","title":{"rendered":"Laipni l\u016bdzam."},"content":{"rendered":"\t\t<div data-elementor-type=\"wp-post\" data-elementor-id=\"103\" class=\"elementor elementor-103\" data-elementor-post-type=\"page\">\n\t\t\t\t\t\t<section class=\"elementor-section elementor-top-section elementor-element elementor-element-31a3f662 elementor-section-boxed elementor-section-height-default elementor-section-height-default\" data-id=\"31a3f662\" data-element_type=\"section\">\n\t\t\t\t\t\t<div class=\"elementor-container elementor-column-gap-default\">\n\t\t\t\t\t<div class=\"elementor-column elementor-col-100 elementor-top-column elementor-element elementor-element-14f25496\" data-id=\"14f25496\" data-element_type=\"column\">\n\t\t\t<div class=\"elementor-widget-wrap elementor-element-populated\">\n\t\t\t\t\t\t<div class=\"elementor-element elementor-element-3f85fe61 elementor-widget elementor-widget-text-editor\" data-id=\"3f85fe61\" data-element_type=\"widget\" data-widget_type=\"text-editor.default\">\n\t\t\t\t<div class=\"elementor-widget-container\">\n\t\t\t\t\t\t\t<h1 style=\"text-align: center;\"><span style=\"font-size: 18pt; font-family: opensans-regular;\"><strong>Laipni l\u016bdzam.<\/strong><\/span><\/h1><p><img fetchpriority=\"high\" decoding=\"async\" class=\"alignnone wp-image-86 aligncenter\" src=\"http:\/\/www.test.vtt.lv\/wp_001\/wp-content\/uploads\/2018\/11\/glavnaja_ikona1.jpg\" alt=\"\" width=\"421\" height=\"659\" srcset=\"https:\/\/www.morskoj-sobor.lv\/wp-content\/uploads\/2018\/11\/glavnaja_ikona1.jpg 295w, https:\/\/www.morskoj-sobor.lv\/wp-content\/uploads\/2018\/11\/glavnaja_ikona1-192x300.jpg 192w\" sizes=\"(max-width: 421px) 100vw, 421px\" \/><\/p><p style=\"text-align: center;\"><span style=\"font-family: opensans-regular; font-size: 14pt; color: #000000;\"><strong>Bazn\u012bca atv\u0113rta\u00a0katru dienu\u00a0no 8.00 \u2013 17.00, bet dien\u0101s, kad notiek vakara dievkalpojumi &#8211; l\u012bdz to beig\u0101m.<\/strong><\/span><\/p>\t\t\t\t\t\t<\/div>\n\t\t\t\t<\/div>\n\t\t\t\t<div class=\"elementor-element elementor-element-ddf8c88 elementor-widget-divider--view-line elementor-widget elementor-widget-divider\" data-id=\"ddf8c88\" data-element_type=\"widget\" data-widget_type=\"divider.default\">\n\t\t\t\t<div class=\"elementor-widget-container\">\n\t\t\t\t\t<div class=\"elementor-divider\">\n\t\t\t<span class=\"elementor-divider-separator\">\n\t\t\t\t\t\t<\/span>\n\t\t<\/div>\n\t\t\t\t<\/div>\n\t\t\t\t<\/div>\n\t\t\t\t\t<\/div>\n\t\t<\/div>\n\t\t\t\t\t<\/div>\n\t\t<\/section>\n\t\t\t\t<\/div>\n\t\t","protected":false},"excerpt":{"rendered":"<p>Laipni l\u016bdzam. Bazn\u012bca atv\u0113rta\u00a0katru dienu\u00a0no 8.00 \u2013 17.00, bet dien\u0101s, kad notiek vakara dievkalpojumi &#8211; l\u012bdz to beig\u0101m.<\/p>\n","protected":false},"author":6,"featured_media":0,"parent":0,"menu_order":0,"comment_status":"closed","ping_status":"closed","template":"","meta":{"footnotes":""},"class_list":["post-103","page","type-page","status-publish","hentry"],"acf":[],"_links":{"self":[{"href":"https:\/\/www.morskoj-sobor.lv\/lv\/wp-json\/wp\/v2\/pages\/103\/"}],"collection":[{"href":"https:\/\/www.morskoj-sobor.lv\/lv\/wp-json\/wp\/v2\/pages\/"}],"about":[{"href":"https:\/\/www.morskoj-sobor.lv\/lv\/wp-json\/wp\/v2\/types\/page\/"}],"author":[{"embeddable":true,"href":"https:\/\/www.morskoj-sobor.lv\/lv\/wp-json\/wp\/v2\/users\/6\/"}],"replies":[{"embeddable":true,"href":"https:\/\/www.morskoj-sobor.lv\/lv\/wp-json\/wp\/v2\/comments\/?post=103"}],"version-history":[{"count":12,"href":"https:\/\/www.morskoj-sobor.lv\/lv\/wp-json\/wp\/v2\/pages\/103\/revisions\/"}],"predecessor-version":[{"id":2761,"href":"https:\/\/www.morskoj-sobor.lv\/lv\/wp-json\/wp\/v2\/pages\/103\/revisions\/2761\/"}],"wp:attachment":[{"href":"https:\/\/www.morskoj-sobor.lv\/lv\/wp-json\/wp\/v2\/media\/?parent=103"}],"curies":[{"name":"wp","href":"https:\/\/api.w.org\/{rel}","templated":true}]}}