{"id":350,"date":"2018-11-29T10:33:51","date_gmt":"2018-11-29T10:33:51","guid":{"rendered":"http:\/\/www.test.vtt.lv\/wp_001\/?page_id=350"},"modified":"2025-12-26T20:03:17","modified_gmt":"2025-12-26T18:03:17","slug":"ziedojumi","status":"publish","type":"page","link":"https:\/\/www.morskoj-sobor.lv\/lv\/ziedojumi\/","title":{"rendered":"Ziedojumi"},"content":{"rendered":"<p style=\"text-align: center;\"><span style=\"font-family: opensans-regular; font-size: 14pt;\"><strong>Katedr\u0101lei nepiecie\u0161ami ziedojumi.<\/strong><br \/>\n<\/span><\/p>\n<pre style=\"text-align: center;\"><span style=\"font-family: opensans-regular; font-size: 14pt;\"><strong>LIEP\u0100JAS SV\u0112T\u0100 NIKOLAJA J\u016aRAS KATEDR\u0100LES PAREIZTIC\u012aGO DRAUDZE\r\nRe\u0123. Nr. 90000088776\r\nAS \u201dSEB BANKA\u201d\r\nSWIFT kods UNLALV2X\r\nKonts EUR: LV38 UNLA 001 200 070 1702\r\n<\/strong>\r\n<\/span><\/pre>\n<div style=\"text-align: center;\"><span style=\"font-family: opensans-regular; font-size: 14pt;\"><strong>Lai sv\u0113t\u012bta dev\u0113ja roka, dodot Dievnamam par godu!<\/strong><br \/>\n<\/span><\/div>\n<p style=\"text-align: center;\">\n","protected":false},"excerpt":{"rendered":"<p>Katedr\u0101lei nepiecie\u0161ami ziedojumi. LIEP\u0100JAS SV\u0112T\u0100 NIKOLAJA J\u016aRAS KATEDR\u0100LES PAREIZTIC\u012aGO DRAUDZE Re\u0123. Nr. 90000088776 AS \u201dSEB BANKA\u201d SWIFT kods UNLALV2X Konts EUR: LV38 UNLA 001 200 070 1702 Lai sv\u0113t\u012bta dev\u0113ja roka, dodot Dievnamam par godu!<\/p>\n","protected":false},"author":6,"featured_media":0,"parent":0,"menu_order":0,"comment_status":"closed","ping_status":"closed","template":"","meta":{"footnotes":""},"class_list":["post-350","page","type-page","status-publish","hentry"],"acf":[],"_links":{"self":[{"href":"https:\/\/www.morskoj-sobor.lv\/lv\/wp-json\/wp\/v2\/pages\/350\/"}],"collection":[{"href":"https:\/\/www.morskoj-sobor.lv\/lv\/wp-json\/wp\/v2\/pages\/"}],"about":[{"href":"https:\/\/www.morskoj-sobor.lv\/lv\/wp-json\/wp\/v2\/types\/page\/"}],"author":[{"embeddable":true,"href":"https:\/\/www.morskoj-sobor.lv\/lv\/wp-json\/wp\/v2\/users\/6\/"}],"replies":[{"embeddable":true,"href":"https:\/\/www.morskoj-sobor.lv\/lv\/wp-json\/wp\/v2\/comments\/?post=350"}],"version-history":[{"count":9,"href":"https:\/\/www.morskoj-sobor.lv\/lv\/wp-json\/wp\/v2\/pages\/350\/revisions\/"}],"predecessor-version":[{"id":4811,"href":"https:\/\/www.morskoj-sobor.lv\/lv\/wp-json\/wp\/v2\/pages\/350\/revisions\/4811\/"}],"wp:attachment":[{"href":"https:\/\/www.morskoj-sobor.lv\/lv\/wp-json\/wp\/v2\/media\/?parent=350"}],"curies":[{"name":"wp","href":"https:\/\/api.w.org\/{rel}","templated":true}]}}