{"id":590,"date":"2018-11-30T09:21:38","date_gmt":"2018-11-30T09:21:38","guid":{"rendered":"http:\/\/www.test.vtt.lv\/wp_001\/?page_id=590"},"modified":"2019-02-27T19:59:28","modified_gmt":"2019-02-27T19:59:28","slug":"sazinaties","status":"publish","type":"page","link":"https:\/\/www.morskoj-sobor.lv\/lv\/sazinaties\/","title":{"rendered":"Sazin\u0101ties"},"content":{"rendered":"\t\t<div data-elementor-type=\"wp-post\" data-elementor-id=\"590\" class=\"elementor elementor-590 elementor-bc-flex-widget\" data-elementor-post-type=\"page\">\n\t\t\t\t\t\t<section class=\"elementor-section elementor-top-section elementor-element elementor-element-d8cf3ee elementor-section-boxed elementor-section-height-default elementor-section-height-default\" data-id=\"d8cf3ee\" data-element_type=\"section\">\n\t\t\t\t\t\t<div class=\"elementor-container elementor-column-gap-default\">\n\t\t\t\t\t<div class=\"elementor-column elementor-col-100 elementor-top-column elementor-element elementor-element-3f9aef31\" data-id=\"3f9aef31\" data-element_type=\"column\">\n\t\t\t<div class=\"elementor-widget-wrap elementor-element-populated\">\n\t\t\t\t\t\t<div class=\"elementor-element elementor-element-1aa1e18f elementor-widget elementor-widget-text-editor\" data-id=\"1aa1e18f\" data-element_type=\"widget\" data-widget_type=\"text-editor.default\">\n\t\t\t\t<div class=\"elementor-widget-container\">\n\t\t\t\t\t\t\t<p style=\"text-align: center;\"><span style=\"font-size: 14pt;\">+371 63 457 634<\/span><\/p><p style=\"text-align: center;\"><span style=\"font-size: 14pt;\">Studentu rotas iela 7, Liep\u0101ja, LV-3414, Latvia<\/span><\/p>\t\t\t\t\t\t<\/div>\n\t\t\t\t<\/div>\n\t\t\t\t\t<\/div>\n\t\t<\/div>\n\t\t\t\t\t<\/div>\n\t\t<\/section>\n\t\t\t\t<section class=\"elementor-section elementor-top-section elementor-element elementor-element-d111831 elementor-section-boxed elementor-section-height-default elementor-section-height-default\" data-id=\"d111831\" data-element_type=\"section\">\n\t\t\t\t\t\t<div class=\"elementor-container elementor-column-gap-default\">\n\t\t\t\t\t<div class=\"elementor-column elementor-col-100 elementor-top-column elementor-element elementor-element-1d0f743\" data-id=\"1d0f743\" data-element_type=\"column\">\n\t\t\t<div class=\"elementor-widget-wrap elementor-element-populated\">\n\t\t\t\t\t\t<div class=\"elementor-element elementor-element-ad58607 elementor-widget elementor-widget-google_maps\" data-id=\"ad58607\" data-element_type=\"widget\" data-widget_type=\"google_maps.default\">\n\t\t\t\t<div class=\"elementor-widget-container\">\n\t\t\t\t\t<div class=\"elementor-custom-embed\">\n\t\t\t<iframe loading=\"lazy\"\n\t\t\t\t\tsrc=\"https:\/\/maps.google.com\/maps?q=Studentu%20rotas%20iela%207%2C%20Liep%C4%81ja%2C%20LV-3414%2C%20Latvia&#038;t=m&#038;z=15&#038;output=embed&#038;iwloc=near\"\n\t\t\t\t\ttitle=\"Studentu rotas iela 7, Liep\u0101ja, LV-3414, Latvia\"\n\t\t\t\t\taria-label=\"Studentu rotas iela 7, Liep\u0101ja, LV-3414, Latvia\"\n\t\t\t><\/iframe>\n\t\t<\/div>\n\t\t\t\t<\/div>\n\t\t\t\t<\/div>\n\t\t\t\t\t<\/div>\n\t\t<\/div>\n\t\t\t\t\t<\/div>\n\t\t<\/section>\n\t\t\t\t<section class=\"elementor-section elementor-top-section elementor-element elementor-element-b5c478c elementor-section-boxed elementor-section-height-default elementor-section-height-default\" data-id=\"b5c478c\" data-element_type=\"section\">\n\t\t\t\t\t\t<div class=\"elementor-container elementor-column-gap-default\">\n\t\t\t\t\t<div class=\"elementor-column elementor-col-50 elementor-top-column elementor-element elementor-element-70e33a2\" data-id=\"70e33a2\" data-element_type=\"column\">\n\t\t\t<div class=\"elementor-widget-wrap elementor-element-populated\">\n\t\t\t\t\t\t<div class=\"elementor-element elementor-element-52b58c5 elementor-align-justify elementor-widget elementor-widget-button\" data-id=\"52b58c5\" data-element_type=\"widget\" data-widget_type=\"button.default\">\n\t\t\t\t<div class=\"elementor-widget-container\">\n\t\t\t\t\t<div class=\"elementor-button-wrapper\">\n\t\t\t<a class=\"elementor-button elementor-button-link elementor-size-xs\" href=\"https:\/\/www.morskoj-sobor.lv\/svjazj-s-soborom\/\" rel=\"nofollow\">\n\t\t\t\t\t\t<span class=\"elementor-button-content-wrapper\">\n\t\t\t\t\t\t<span class=\"elementor-button-icon\">\n\t\t\t\t\t\t\t\t\t<i class=\"fa fa-envelope\" aria-hidden=\"true\"><\/i>\n\t\t\t\t\t\t\t<\/span>\n\t\t\t\t\t\t\t\t\t<span class=\"elementor-button-text\">Sazin\u0101ties ar Katedr\u0101lu<\/span>\n\t\t\t\t\t<\/span>\n\t\t\t\t\t<\/a>\n\t\t<\/div>\n\t\t\t\t<\/div>\n\t\t\t\t<\/div>\n\t\t\t\t\t<\/div>\n\t\t<\/div>\n\t\t\t\t<div class=\"elementor-column elementor-col-50 elementor-top-column elementor-element elementor-element-eaac19f\" data-id=\"eaac19f\" data-element_type=\"column\">\n\t\t\t<div class=\"elementor-widget-wrap elementor-element-populated\">\n\t\t\t\t\t\t<div class=\"elementor-element elementor-element-9a417eb elementor-align-justify elementor-widget elementor-widget-button\" data-id=\"9a417eb\" data-element_type=\"widget\" data-widget_type=\"button.default\">\n\t\t\t\t<div class=\"elementor-widget-container\">\n\t\t\t\t\t<div class=\"elementor-button-wrapper\">\n\t\t\t<a class=\"elementor-button elementor-button-link elementor-size-xs\" href=\"https:\/\/www.morskoj-sobor.lv\/otrpavitj-email-webmasteru\/\">\n\t\t\t\t\t\t<span class=\"elementor-button-content-wrapper\">\n\t\t\t\t\t\t<span class=\"elementor-button-icon\">\n\t\t\t\t\t\t\t\t\t<i class=\"fa fa-envelope\" aria-hidden=\"true\"><\/i>\n\t\t\t\t\t\t\t<\/span>\n\t\t\t\t\t\t\t\t\t<span class=\"elementor-button-text\">Sazin\u0101ties ar redaktoru<\/span>\n\t\t\t\t\t<\/span>\n\t\t\t\t\t<\/a>\n\t\t<\/div>\n\t\t\t\t<\/div>\n\t\t\t\t<\/div>\n\t\t\t\t\t<\/div>\n\t\t<\/div>\n\t\t\t\t\t<\/div>\n\t\t<\/section>\n\t\t\t\t<\/div>\n\t\t","protected":false},"excerpt":{"rendered":"<p>+371 63 457 634 Studentu rotas iela 7, Liep\u0101ja, LV-3414, Latvia Sazin\u0101ties ar Katedr\u0101lu Sazin\u0101ties ar redaktoru<\/p>\n","protected":false},"author":6,"featured_media":0,"parent":0,"menu_order":0,"comment_status":"closed","ping_status":"closed","template":"","meta":{"footnotes":""},"class_list":["post-590","page","type-page","status-publish","hentry"],"acf":[],"_links":{"self":[{"href":"https:\/\/www.morskoj-sobor.lv\/lv\/wp-json\/wp\/v2\/pages\/590\/"}],"collection":[{"href":"https:\/\/www.morskoj-sobor.lv\/lv\/wp-json\/wp\/v2\/pages\/"}],"about":[{"href":"https:\/\/www.morskoj-sobor.lv\/lv\/wp-json\/wp\/v2\/types\/page\/"}],"author":[{"embeddable":true,"href":"https:\/\/www.morskoj-sobor.lv\/lv\/wp-json\/wp\/v2\/users\/6\/"}],"replies":[{"embeddable":true,"href":"https:\/\/www.morskoj-sobor.lv\/lv\/wp-json\/wp\/v2\/comments\/?post=590"}],"version-history":[{"count":12,"href":"https:\/\/www.morskoj-sobor.lv\/lv\/wp-json\/wp\/v2\/pages\/590\/revisions\/"}],"predecessor-version":[{"id":2674,"href":"https:\/\/www.morskoj-sobor.lv\/lv\/wp-json\/wp\/v2\/pages\/590\/revisions\/2674\/"}],"wp:attachment":[{"href":"https:\/\/www.morskoj-sobor.lv\/lv\/wp-json\/wp\/v2\/media\/?parent=590"}],"curies":[{"name":"wp","href":"https:\/\/api.w.org\/{rel}","templated":true}]}}